{"id":2,"date":"2024-12-06T13:48:21","date_gmt":"2024-12-06T12:48:21","guid":{"rendered":"https:\/\/plavaren.msastaratura.sk\/?page_id=2"},"modified":"2026-01-26T09:44:57","modified_gmt":"2026-01-26T08:44:57","slug":"home","status":"publish","type":"page","link":"https:\/\/plavaren.msastaratura.sk\/","title":{"rendered":"Vitajte na str\u00e1nke Plav\u00e1re\u0148 Star\u00e1 Tur\u00e1"},"content":{"rendered":"\n<p>Spolo\u010dnos\u0165 Mestsk\u00fd \u0161portov\u00fd are\u00e1l, s. r. o., Star\u00e1 Tur\u00e1, vznikla za \u00fa\u010delom spr\u00e1vy a prev\u00e1dzkovania \u0161portov\u00e9ho are\u00e1lu na \u0161tadi\u00f3ne. V s\u00fa\u010dasnosti prev\u00e1dzkuje \u0161portov\u00e9 zariadenia: Plav\u00e1re\u0148 so saunou, \u0160portov\u00e1 hala M. \u0160ust\u00edka, Kolk\u00e1re\u0148, Mal\u00e1 hala, Futbalov\u00fd \u0161tadi\u00f3n, Ihrisko s umelou tr\u00e1vou a \u0160portov\u00e9 centrum Priemyslovka. Z\u00e1rove\u0148 zabezpe\u010duje funk\u010dnos\u0165, opravy a \u00fadr\u017ebu priestorov \u0161portov\u00e9ho are\u00e1lu, ktor\u00e9 sl\u00fa\u017eia pre jednotliv\u00e9 \u0161portov\u00e9 kluby alebo ob\u010danov mesta na \u0161portov\u00e9 aktivity. V spolo\u010dnosti s\u00fa spolo\u010dn\u00edkmi spolo\u010dnos\u0165 EUR-MED Slovakia, s.r.o. ako aj men\u0161inov\u00fd spolo\u010dn\u00edk mesto Star\u00e1 Tur\u00e1.&nbsp;<\/p>\n\n\n\n<hr class=\"wp-block-separator has-alpha-channel-opacity\"\/>\n\n\n\n<h3 class=\"wp-block-heading\"><strong>Plav\u00e1re\u0148 Star\u00e1 Tur\u00e1<\/strong><\/h3>\n\n\n\n<p>Kryt\u00e1 plav\u00e1re\u0148 sa spolu s ostatn\u00fdmi \u0161portov\u00fdmi objektmi nach\u00e1dza v \u0161portovom are\u00e1li mesta Star\u00e1 Tur\u00e1. Plav\u00e1re\u0148 pon\u00faka n\u00e1v\u0161tevn\u00edkom plaveck\u00fd baz\u00e9n s rozmerom 18 x 9 m, s h\u013abkou vody 120 &#8211; 170 cm a s kapacitou 50 os\u00f4b. S\u00fa\u010das\u0165ou plav\u00e1rne je aj sauna pre 5 os\u00f4b.<\/p>\n\n\n\n<hr class=\"wp-block-separator has-alpha-channel-opacity\"\/>\n\n\n\n<h3 class=\"wp-block-heading\"><strong>\u010co u n\u00e1s n\u00e1jdete<\/strong><\/h3>\n\n\n\n<p>\ud83c\udf0a <strong>Plaveck\u00fd baz\u00e9n<\/strong><br>Perfektn\u00fd pre akt\u00edvnych plavcov a v\u0161etk\u00fdch, ktor\u00ed si chc\u00fa zapl\u00e1va\u0165 alebo zlep\u0161i\u0165 svoju kond\u00edciu.<\/p>\n\n\n\n<p>\ud83d\udc76 <strong>Sauna<\/strong><br>Bezpe\u010dn\u00e1 z\u00f3na pre na\u0161ich najmen\u0161\u00edch host\u00ed, kde sa m\u00f4\u017eu hra\u0165 a \u0161anti\u0165 pod doh\u013eadom.<\/p>\n\n\n\n<p>\ud83c\udf1e <strong>Relax z\u00f3na<\/strong><br>Pohodln\u00e9 leh\u00e1tka a slne\u010dn\u00edky s\u00fa pripraven\u00e9 pre t\u00fdch, ktor\u00ed si chc\u00fa u\u017ei\u0165 pokojn\u00fa chv\u00ed\u013eku a nas\u00e1va\u0165 letn\u00e9 slne\u010dn\u00e9 l\u00fa\u010de.<\/p>\n\n\n\n<p>\ud83c\udf89 <strong>\u0160peci\u00e1lne podujatia a akcie<\/strong><br>Po\u010das sez\u00f3ny organizujeme plaveck\u00e9 kurzy pre \u0161kolsk\u00e9 zariadenia a samostatn\u00e9 skupiny<\/p>\n\n\n\n<hr class=\"wp-block-separator has-alpha-channel-opacity\"\/>\n\n\n\n<h3 class=\"wp-block-heading\"><strong>Pre\u010do Si Vybra\u0165 Pr\u00e1ve N\u00e1s?<\/strong><\/h3>\n\n\n\n<p>\u2714 <strong>Modern\u00e9 vybavenie<\/strong> \u2013 Neust\u00e1le sa star\u00e1me o \u010distotu a pohodlie na\u0161ich n\u00e1v\u0161tevn\u00edkov.<br>\u2714 <strong>Bezpe\u010dnos\u0165 na prvom mieste<\/strong> \u2013 Na\u0161i kvalifikovan\u00ed plav\u010d\u00edci dohliadaj\u00fa na va\u0161u bezpe\u010dnos\u0165.<br>\u2714 <strong>Skvel\u00e1 poloha<\/strong> \u2013 Jednoduch\u00fd pr\u00edstup priamo v Starej Turej.<br>\u2714 <strong>Prijate\u013en\u00e9 ceny<\/strong> \u2013 Z\u00e1bava pre cel\u00fa rodinu bez ve\u013ek\u00e9ho za\u0165a\u017eenia v\u00e1\u0161ho rozpo\u010dtu.<\/p>\n\n\n\n<hr class=\"wp-block-separator has-alpha-channel-opacity\"\/>\n\n\n\n<h3 class=\"wp-block-heading\" style=\"font-size:20px\"><strong>Napl\u00e1nujte si n\u00e1v\u0161tevu u\u017e dnes!<\/strong><\/h3>\n\n\n\n<p><\/p>\n\n\n\n<h3 class=\"wp-block-heading\"><strong>Cenn\u00edk vo form\u00e1te pdf<\/strong><\/h3>\n\n\n\n<div data-wp-interactive=\"core\/file\" class=\"wp-block-file\"><object data-wp-bind--hidden=\"!state.hasPdfPreview\" hidden class=\"wp-block-file__embed\" data=\"https:\/\/plavaren.msastaratura.sk\/wp-content\/uploads\/2025\/04\/Cennik-vstupneho-pre-rok-2025.pdf\" type=\"application\/pdf\" style=\"width:100%;height:600px\" aria-label=\"Embed of Cenn\u00edk vstupn\u00e9ho pre rok 2025.\"><\/object><a id=\"wp-block-file--media-5ac43286-4ff7-4733-afe4-f82edf55859f\" href=\"https:\/\/plavaren.msastaratura.sk\/wp-content\/uploads\/2025\/04\/Cennik-vstupneho-pre-rok-2025.pdf\">Cenn\u00edk vstupn\u00e9ho pre rok 2025<\/a><a href=\"https:\/\/plavaren.msastaratura.sk\/wp-content\/uploads\/2025\/04\/Cennik-vstupneho-pre-rok-2025.pdf\" class=\"wp-block-file__button wp-element-button\" download aria-describedby=\"wp-block-file--media-5ac43286-4ff7-4733-afe4-f82edf55859f\">Stiahnu\u0165<br><\/a><\/div>\n\n\n\n<p>V prev\u00e1dzke Plav\u00e1rne platia karty  Multisport spolo\u010dnosti Benefit Systems Slovakia s.r.o. \/max. 1 vstup na 2 hodiny denne\/<\/p>\n\n\n\n<h3 class=\"wp-block-heading\"><strong>Otv\u00e1racie hodiny<\/strong>:<br>Otvoren\u00e9 denne od 15:00 &#8211; 20:00&nbsp;<\/h3>\n\n\n\n<p class=\"has-vivid-red-color has-text-color has-link-color has-medium-font-size wp-elements-e7f792d2f5bed7ff4528bbc9ebdd297f\"><strong>Upozornenie : Od 12.1.2026 a\u017e do odvolania s\u00fa plav\u00e1re\u0148 a sauna  z technick\u00fdch pr\u00ed\u010din zatvoren\u00e9 &#8211; vykon\u00e1va sa oprava a \u00fadr\u017eba technologick\u00fdch zariaden\u00ed<\/strong><\/p>\n\n\n\n<p>Otvoren\u00e9:<br>Pondelok:    15,00 \u2013 20,00 hod.<br>Utorok:&nbsp;&nbsp;&nbsp;&nbsp;&nbsp;   15,00 \u2013 20,00 hod.<br>Streda:&nbsp;&nbsp;&nbsp;&nbsp;&nbsp;   15,00 \u2013 20,00 hod.<br>\u0160tvrtok:&nbsp;&nbsp;&nbsp;&nbsp;&nbsp;   15,00 \u2013 20,00 hod.<br>Piatok:&nbsp;&nbsp;&nbsp;&nbsp;&nbsp;&nbsp;   15,00 \u2013 20,00 hod.<br>Sobota:&nbsp;&nbsp;&nbsp;&nbsp;&nbsp;   15,00 \u2013 20,00 hod.<br>Nede\u013ea:&nbsp;&nbsp;&nbsp;&nbsp;&nbsp;   15,00 \u2013 20,00 hod.<\/p>\n\n\n\n<p>Po\u010das \u0161t\u00e1tnych sviatkov je prev\u00e1dzka plav\u00e1rne a sauny uzavret\u00e1. <\/p>\n\n\n\n<p>Deti do 3 rokov nemaj\u00fa pr\u00edstup do baz\u00e9na z hygienick\u00fdch d\u00f4vodov!<br><br>Kontakt po\u010das otv\u00e1rac\u00edch hod\u00edn tel.: 0905 375 869 (plav\u010d\u00edci)<\/p>\n\n\n\n<hr class=\"wp-block-separator has-alpha-channel-opacity\"\/>\n\n\n\n<h3 class=\"wp-block-heading\"><strong>Te\u0161\u00edme sa na v\u00e1s!<\/strong><\/h3>\n\n\n\n<p>Pr\u00ed\u010fte si u\u017ei\u0165 nezabudnute\u013en\u00fd  de\u0148 s rodinou a priate\u013emi. Baz\u00e9n Star\u00e1 Tur\u00e1 je va\u0161\u00edm miestom na relax, z\u00e1bavu a osvie\u017eenie. \ud83c\udf1e<\/p>\n\n\n\n<div data-wp-interactive=\"core\/file\" class=\"wp-block-file\"><object data-wp-bind--hidden=\"!state.hasPdfPreview\" hidden class=\"wp-block-file__embed\" data=\"https:\/\/plavaren.msastaratura.sk\/wp-content\/uploads\/2025\/04\/Prevadzkovy-poriadok-Plavaren-so-saunou-po-uprave-od-hygieny-2015.pdf\" type=\"application\/pdf\" style=\"width:100%;height:600px\" aria-label=\"Embed of Prev\u00e1dzkov\u00fd poriadok Plav\u00e1re\u0148 so saunou - po \u00faprave od hygieny 2015.\"><\/object><a id=\"wp-block-file--media-3dd0c51f-9c63-4bd2-96e1-8162a21c3cd3\" href=\"https:\/\/plavaren.msastaratura.sk\/wp-content\/uploads\/2025\/04\/Prevadzkovy-poriadok-Plavaren-so-saunou-po-uprave-od-hygieny-2015.pdf\">Prev\u00e1dzkov\u00fd poriadok Plav\u00e1re\u0148 so saunou &#8211; po \u00faprave od hygieny 2015<\/a><a href=\"https:\/\/plavaren.msastaratura.sk\/wp-content\/uploads\/2025\/04\/Prevadzkovy-poriadok-Plavaren-so-saunou-po-uprave-od-hygieny-2015.pdf\" class=\"wp-block-file__button wp-element-button\" download aria-describedby=\"wp-block-file--media-3dd0c51f-9c63-4bd2-96e1-8162a21c3cd3\">Stiahnu\u0165<\/a><\/div>\n\n\n\n<p><\/p>\n\n\n\n<p>\u00darad verejn\u00e9ho zdravotn\u00edctva pravidelne raz mesa\u010dne vykon\u00e1va kontrolu kvality vody v plaveckom baz\u00e9ne a vystav\u00ed protokol o sk\u00fa\u0161ke. Vzor protokolu z roku 2025 :<\/p>\n\n\n\n<div data-wp-interactive=\"core\/file\" class=\"wp-block-file\"><object data-wp-bind--hidden=\"!state.hasPdfPreview\" hidden class=\"wp-block-file__embed\" data=\"https:\/\/plavaren.msastaratura.sk\/wp-content\/uploads\/2025\/12\/protokol-UVZSR-SKM_C250i25103006512.pdf\" type=\"application\/pdf\" style=\"width:100%;height:600px\" aria-label=\"Embed of protokol UVZSR SKM_C250i25103006512.\"><\/object><a id=\"wp-block-file--media-0a41970a-8118-4211-ab07-d9c82dc19384\" href=\"https:\/\/plavaren.msastaratura.sk\/wp-content\/uploads\/2025\/12\/protokol-UVZSR-SKM_C250i25103006512.pdf\">protokol UVZSR SKM_C250i25103006512<\/a><a href=\"https:\/\/plavaren.msastaratura.sk\/wp-content\/uploads\/2025\/12\/protokol-UVZSR-SKM_C250i25103006512.pdf\" class=\"wp-block-file__button wp-element-button\" download aria-describedby=\"wp-block-file--media-0a41970a-8118-4211-ab07-d9c82dc19384\">Stiahnu\u0165<\/a><\/div>\n","protected":false},"excerpt":{"rendered":"<p>Spolo\u010dnos\u0165 Mestsk\u00fd \u0161portov\u00fd are\u00e1l, s. r. o., Star\u00e1 Tur\u00e1, vznikla za \u00fa\u010delom spr\u00e1vy a prev\u00e1dzkovania \u0161portov\u00e9ho are\u00e1lu na \u0161tadi\u00f3ne. V s\u00fa\u010dasnosti prev\u00e1dzkuje \u0161portov\u00e9 zariadenia: Plav\u00e1re\u0148 so saunou, \u0160portov\u00e1 hala M. \u0160ust\u00edka, Kolk\u00e1re\u0148, Mal\u00e1 hala, Futbalov\u00fd \u0161tadi\u00f3n, Ihrisko s umelou tr\u00e1vou a \u0160portov\u00e9 centrum Priemyslovka. Z\u00e1rove\u0148 zabezpe\u010duje funk\u010dnos\u0165, opravy a \u00fadr\u017ebu priestorov \u0161portov\u00e9ho are\u00e1lu, ktor\u00e9 sl\u00fa\u017eia [&hellip;]<\/p>\n","protected":false},"author":1,"featured_media":0,"parent":0,"menu_order":0,"comment_status":"closed","ping_status":"closed","template":"","meta":{"_monsterinsights_skip_tracking":false,"_monsterinsights_sitenote_active":false,"_monsterinsights_sitenote_note":"","_monsterinsights_sitenote_category":0,"footnotes":""},"class_list":["post-2","page","type-page","status-publish","hentry"],"yoast_head":"<!-- This site is optimized with the Yoast SEO plugin v24.0 - https:\/\/yoast.com\/wordpress\/plugins\/seo\/ -->\n<title>Vitajte na str\u00e1nke Plav\u00e1re\u0148 Star\u00e1 Tur\u00e1 - Plav\u00e1re\u0148 Star\u00e1 Tur\u00e1<\/title>\n<meta name=\"robots\" content=\"index, follow, max-snippet:-1, max-image-preview:large, max-video-preview:-1\" \/>\n<link rel=\"canonical\" href=\"https:\/\/plavaren.msastaratura.sk\/\" \/>\n<meta property=\"og:locale\" content=\"en_US\" \/>\n<meta property=\"og:type\" content=\"article\" \/>\n<meta property=\"og:title\" content=\"Vitajte na str\u00e1nke Plav\u00e1re\u0148 Star\u00e1 Tur\u00e1 - Plav\u00e1re\u0148 Star\u00e1 Tur\u00e1\" \/>\n<meta property=\"og:description\" content=\"Spolo\u010dnos\u0165 Mestsk\u00fd \u0161portov\u00fd are\u00e1l, s. r. o., Star\u00e1 Tur\u00e1, vznikla za \u00fa\u010delom spr\u00e1vy a prev\u00e1dzkovania \u0161portov\u00e9ho are\u00e1lu na \u0161tadi\u00f3ne. V s\u00fa\u010dasnosti prev\u00e1dzkuje \u0161portov\u00e9 zariadenia: Plav\u00e1re\u0148 so saunou, \u0160portov\u00e1 hala M. \u0160ust\u00edka, Kolk\u00e1re\u0148, Mal\u00e1 hala, Futbalov\u00fd \u0161tadi\u00f3n, Ihrisko s umelou tr\u00e1vou a \u0160portov\u00e9 centrum Priemyslovka. Z\u00e1rove\u0148 zabezpe\u010duje funk\u010dnos\u0165, opravy a \u00fadr\u017ebu priestorov \u0161portov\u00e9ho are\u00e1lu, ktor\u00e9 sl\u00fa\u017eia [&hellip;]\" \/>\n<meta property=\"og:url\" content=\"https:\/\/plavaren.msastaratura.sk\/\" \/>\n<meta property=\"og:site_name\" content=\"Plav\u00e1re\u0148 Star\u00e1 Tur\u00e1\" \/>\n<meta property=\"article:modified_time\" content=\"2026-01-26T08:44:57+00:00\" \/>\n<meta name=\"twitter:card\" content=\"summary_large_image\" \/>\n<meta name=\"twitter:label1\" content=\"Est. reading time\" \/>\n\t<meta name=\"twitter:data1\" content=\"2 minutes\" \/>\n<script type=\"application\/ld+json\" class=\"yoast-schema-graph\">{\"@context\":\"https:\/\/schema.org\",\"@graph\":[{\"@type\":\"WebPage\",\"@id\":\"https:\/\/plavaren.msastaratura.sk\/\",\"url\":\"https:\/\/plavaren.msastaratura.sk\/\",\"name\":\"Vitajte na str\u00e1nke Plav\u00e1re\u0148 Star\u00e1 Tur\u00e1 - Plav\u00e1re\u0148 Star\u00e1 Tur\u00e1\",\"isPartOf\":{\"@id\":\"https:\/\/plavaren.msastaratura.sk\/#website\"},\"datePublished\":\"2024-12-06T12:48:21+00:00\",\"dateModified\":\"2026-01-26T08:44:57+00:00\",\"breadcrumb\":{\"@id\":\"https:\/\/plavaren.msastaratura.sk\/#breadcrumb\"},\"inLanguage\":\"en-US\",\"potentialAction\":[{\"@type\":\"ReadAction\",\"target\":[\"https:\/\/plavaren.msastaratura.sk\/\"]}]},{\"@type\":\"BreadcrumbList\",\"@id\":\"https:\/\/plavaren.msastaratura.sk\/#breadcrumb\",\"itemListElement\":[{\"@type\":\"ListItem\",\"position\":1,\"name\":\"Home\",\"item\":\"https:\/\/plavaren.msastaratura.sk\/\"},{\"@type\":\"ListItem\",\"position\":2,\"name\":\"Vitajte na str\u00e1nke Plav\u00e1re\u0148 Star\u00e1 Tur\u00e1\"}]},{\"@type\":\"WebSite\",\"@id\":\"https:\/\/plavaren.msastaratura.sk\/#website\",\"url\":\"https:\/\/plavaren.msastaratura.sk\/\",\"name\":\"Plav\u00e1re\u0148 Star\u00e1 Tur\u00e1\",\"description\":\"\",\"potentialAction\":[{\"@type\":\"SearchAction\",\"target\":{\"@type\":\"EntryPoint\",\"urlTemplate\":\"https:\/\/plavaren.msastaratura.sk\/?s={search_term_string}\"},\"query-input\":{\"@type\":\"PropertyValueSpecification\",\"valueRequired\":true,\"valueName\":\"search_term_string\"}}],\"inLanguage\":\"en-US\"}]}<\/script>\n<!-- \/ Yoast SEO plugin. -->","yoast_head_json":{"title":"Vitajte na str\u00e1nke Plav\u00e1re\u0148 Star\u00e1 Tur\u00e1 - Plav\u00e1re\u0148 Star\u00e1 Tur\u00e1","robots":{"index":"index","follow":"follow","max-snippet":"max-snippet:-1","max-image-preview":"max-image-preview:large","max-video-preview":"max-video-preview:-1"},"canonical":"https:\/\/plavaren.msastaratura.sk\/","og_locale":"en_US","og_type":"article","og_title":"Vitajte na str\u00e1nke Plav\u00e1re\u0148 Star\u00e1 Tur\u00e1 - Plav\u00e1re\u0148 Star\u00e1 Tur\u00e1","og_description":"Spolo\u010dnos\u0165 Mestsk\u00fd \u0161portov\u00fd are\u00e1l, s. r. o., Star\u00e1 Tur\u00e1, vznikla za \u00fa\u010delom spr\u00e1vy a prev\u00e1dzkovania \u0161portov\u00e9ho are\u00e1lu na \u0161tadi\u00f3ne. V s\u00fa\u010dasnosti prev\u00e1dzkuje \u0161portov\u00e9 zariadenia: Plav\u00e1re\u0148 so saunou, \u0160portov\u00e1 hala M. \u0160ust\u00edka, Kolk\u00e1re\u0148, Mal\u00e1 hala, Futbalov\u00fd \u0161tadi\u00f3n, Ihrisko s umelou tr\u00e1vou a \u0160portov\u00e9 centrum Priemyslovka. Z\u00e1rove\u0148 zabezpe\u010duje funk\u010dnos\u0165, opravy a \u00fadr\u017ebu priestorov \u0161portov\u00e9ho are\u00e1lu, ktor\u00e9 sl\u00fa\u017eia [&hellip;]","og_url":"https:\/\/plavaren.msastaratura.sk\/","og_site_name":"Plav\u00e1re\u0148 Star\u00e1 Tur\u00e1","article_modified_time":"2026-01-26T08:44:57+00:00","twitter_card":"summary_large_image","twitter_misc":{"Est. reading time":"2 minutes"},"schema":{"@context":"https:\/\/schema.org","@graph":[{"@type":"WebPage","@id":"https:\/\/plavaren.msastaratura.sk\/","url":"https:\/\/plavaren.msastaratura.sk\/","name":"Vitajte na str\u00e1nke Plav\u00e1re\u0148 Star\u00e1 Tur\u00e1 - Plav\u00e1re\u0148 Star\u00e1 Tur\u00e1","isPartOf":{"@id":"https:\/\/plavaren.msastaratura.sk\/#website"},"datePublished":"2024-12-06T12:48:21+00:00","dateModified":"2026-01-26T08:44:57+00:00","breadcrumb":{"@id":"https:\/\/plavaren.msastaratura.sk\/#breadcrumb"},"inLanguage":"en-US","potentialAction":[{"@type":"ReadAction","target":["https:\/\/plavaren.msastaratura.sk\/"]}]},{"@type":"BreadcrumbList","@id":"https:\/\/plavaren.msastaratura.sk\/#breadcrumb","itemListElement":[{"@type":"ListItem","position":1,"name":"Home","item":"https:\/\/plavaren.msastaratura.sk\/"},{"@type":"ListItem","position":2,"name":"Vitajte na str\u00e1nke Plav\u00e1re\u0148 Star\u00e1 Tur\u00e1"}]},{"@type":"WebSite","@id":"https:\/\/plavaren.msastaratura.sk\/#website","url":"https:\/\/plavaren.msastaratura.sk\/","name":"Plav\u00e1re\u0148 Star\u00e1 Tur\u00e1","description":"","potentialAction":[{"@type":"SearchAction","target":{"@type":"EntryPoint","urlTemplate":"https:\/\/plavaren.msastaratura.sk\/?s={search_term_string}"},"query-input":{"@type":"PropertyValueSpecification","valueRequired":true,"valueName":"search_term_string"}}],"inLanguage":"en-US"}]}},"_links":{"self":[{"href":"https:\/\/plavaren.msastaratura.sk\/index.php?rest_route=\/wp\/v2\/pages\/2","targetHints":{"allow":["GET"]}}],"collection":[{"href":"https:\/\/plavaren.msastaratura.sk\/index.php?rest_route=\/wp\/v2\/pages"}],"about":[{"href":"https:\/\/plavaren.msastaratura.sk\/index.php?rest_route=\/wp\/v2\/types\/page"}],"author":[{"embeddable":true,"href":"https:\/\/plavaren.msastaratura.sk\/index.php?rest_route=\/wp\/v2\/users\/1"}],"replies":[{"embeddable":true,"href":"https:\/\/plavaren.msastaratura.sk\/index.php?rest_route=%2Fwp%2Fv2%2Fcomments&post=2"}],"version-history":[{"count":6,"href":"https:\/\/plavaren.msastaratura.sk\/index.php?rest_route=\/wp\/v2\/pages\/2\/revisions"}],"predecessor-version":[{"id":208,"href":"https:\/\/plavaren.msastaratura.sk\/index.php?rest_route=\/wp\/v2\/pages\/2\/revisions\/208"}],"wp:attachment":[{"href":"https:\/\/plavaren.msastaratura.sk\/index.php?rest_route=%2Fwp%2Fv2%2Fmedia&parent=2"}],"curies":[{"name":"wp","href":"https:\/\/api.w.org\/{rel}","templated":true}]}}